{"id":6062,"date":"2024-01-07T15:47:23","date_gmt":"2024-01-07T15:47:23","guid":{"rendered":"https:\/\/odgovoren-za-zdravje.si\/?page_id=6062"},"modified":"2024-03-08T10:49:51","modified_gmt":"2024-03-08T10:49:51","slug":"prijava-nezelenih-ucinkov-po-cepljenju","status":"publish","type":"page","link":"https:\/\/odgovoren-za-zdravje.si\/?page_id=6062","title":{"rendered":"PRIJAVA NE\u017dELENIH U\u010cINKOV PO CEPLJENJU"},"content":{"rendered":"<div id=\"pl-gb6062-69ef6c010a987\"  class=\"panel-layout\" ><div id=\"pg-gb6062-69ef6c010a987-0\"  class=\"panel-grid panel-has-style\" ><div class=\"siteorigin-panels-stretch panel-row-style panel-row-style-for-gb6062-69ef6c010a987-0\" data-stretch-type=\"full-width-stretch\" ><div id=\"pgc-gb6062-69ef6c010a987-0-0\"  class=\"panel-grid-cell\" ><div id=\"panel-gb6062-69ef6c010a987-0-0-0\" class=\"so-panel widget widget_sow-image panel-first-child panel-last-child\" data-index=\"0\" ><div\n\t\t\t\n\t\t\tclass=\"so-widget-sow-image so-widget-sow-image-default-8b5b6f678277-6062\"\n\t\t\t\n\t\t>\n<div class=\"sow-image-container\">\n\t\t<img \n\tsrc=\"https:\/\/odgovoren-za-zdravje.si\/wp-content\/uploads\/2024\/01\/Dolznosti-zdravnikov-naslovna-slika.png\" width=\"2560\" height=\"600\" srcset=\"https:\/\/odgovoren-za-zdravje.si\/wp-content\/uploads\/2024\/01\/Dolznosti-zdravnikov-naslovna-slika.png 2560w, https:\/\/odgovoren-za-zdravje.si\/wp-content\/uploads\/2024\/01\/Dolznosti-zdravnikov-naslovna-slika-300x70.png 300w, https:\/\/odgovoren-za-zdravje.si\/wp-content\/uploads\/2024\/01\/Dolznosti-zdravnikov-naslovna-slika-1024x240.png 1024w, https:\/\/odgovoren-za-zdravje.si\/wp-content\/uploads\/2024\/01\/Dolznosti-zdravnikov-naslovna-slika-768x180.png 768w, https:\/\/odgovoren-za-zdravje.si\/wp-content\/uploads\/2024\/01\/Dolznosti-zdravnikov-naslovna-slika-1536x360.png 1536w, https:\/\/odgovoren-za-zdravje.si\/wp-content\/uploads\/2024\/01\/Dolznosti-zdravnikov-naslovna-slika-2048x480.png 2048w\" sizes=\"(max-width: 2560px) 100vw, 2560px\" alt=\"\" \t\tclass=\"so-widget-image\"\/>\n\t<\/div>\n\n<\/div><\/div><\/div><\/div><\/div><div id=\"pg-gb6062-69ef6c010a987-1\"  class=\"panel-grid panel-no-style\" ><div id=\"pgc-gb6062-69ef6c010a987-1-0\"  class=\"panel-grid-cell\" ><div id=\"panel-gb6062-69ef6c010a987-1-0-0\" class=\"so-panel widget widget_themegrill_flash_heading tg-widget section-title-wrapper panel-first-child panel-last-child\" data-index=\"1\" >\t<h3 class=\"section-title\">Prijava ne\u017eelenih u\u010dinkov po cepljenju<\/h3>\n<\/div><\/div><\/div><div id=\"pg-gb6062-69ef6c010a987-2\"  class=\"panel-grid panel-no-style\" ><div id=\"pgc-gb6062-69ef6c010a987-2-0\"  class=\"panel-grid-cell\" ><div id=\"panel-gb6062-69ef6c010a987-2-0-0\" class=\"so-panel widget widget_sow-editor panel-first-child panel-last-child\" data-index=\"2\" ><div class=\"besedilo-strani panel-widget-style panel-widget-style-for-gb6062-69ef6c010a987-2-0-0\" ><div\n\t\t\t\n\t\t\tclass=\"so-widget-sow-editor so-widget-sow-editor-base\"\n\t\t\t\n\t\t>\n<div class=\"siteorigin-widget-tinymce textwidget\">\n\t<h5 style=\"text-align: center;\"><strong>Kdaj morajo zdravniki prijaviti ne\u017eelene u\u010dinke in kako jih lahko prijavite sami?<\/strong><\/h5>\n<\/div>\n<\/div><\/div><\/div><\/div><\/div><div id=\"pg-gb6062-69ef6c010a987-3\"  class=\"panel-grid panel-has-style\" ><div class=\"slikaintekst-boks3 panel-row-style panel-row-style-for-gb6062-69ef6c010a987-3\" ><div id=\"pgc-gb6062-69ef6c010a987-3-0\"  class=\"panel-grid-cell\" ><div id=\"panel-gb6062-69ef6c010a987-3-0-0\" class=\"so-panel widget widget_sow-image panel-first-child panel-last-child\" data-index=\"3\" ><div\n\t\t\t\n\t\t\tclass=\"so-widget-sow-image so-widget-sow-image-default-8b5b6f678277-6062\"\n\t\t\t\n\t\t>\n<div class=\"sow-image-container\">\n\t\t<img \n\tsrc=\"https:\/\/odgovoren-za-zdravje.si\/wp-content\/uploads\/2023\/09\/Odgovoren-za-zdravje-06-e1695741471884.jpg\" width=\"1915\" height=\"969\" srcset=\"https:\/\/odgovoren-za-zdravje.si\/wp-content\/uploads\/2023\/09\/Odgovoren-za-zdravje-06-e1695741471884.jpg 1915w, https:\/\/odgovoren-za-zdravje.si\/wp-content\/uploads\/2023\/09\/Odgovoren-za-zdravje-06-e1695741471884-300x152.jpg 300w, https:\/\/odgovoren-za-zdravje.si\/wp-content\/uploads\/2023\/09\/Odgovoren-za-zdravje-06-e1695741471884-1024x518.jpg 1024w, https:\/\/odgovoren-za-zdravje.si\/wp-content\/uploads\/2023\/09\/Odgovoren-za-zdravje-06-e1695741471884-768x389.jpg 768w, https:\/\/odgovoren-za-zdravje.si\/wp-content\/uploads\/2023\/09\/Odgovoren-za-zdravje-06-e1695741471884-1536x777.jpg 1536w\" sizes=\"(max-width: 1915px) 100vw, 1915px\" title=\"Odgovoren-za-zdravje-06\" alt=\"\" \t\tclass=\"so-widget-image\"\/>\n\t<\/div>\n\n<\/div><\/div><\/div><div id=\"pgc-gb6062-69ef6c010a987-3-1\"  class=\"panel-grid-cell\" ><div id=\"panel-gb6062-69ef6c010a987-3-1-0\" class=\"so-panel widget widget_sow-editor panel-first-child panel-last-child\" data-index=\"4\" ><div class=\"slikaintekst-boks4 panel-widget-style panel-widget-style-for-gb6062-69ef6c010a987-3-1-0\" ><div\n\t\t\t\n\t\t\tclass=\"so-widget-sow-editor so-widget-sow-editor-base\"\n\t\t\t\n\t\t>\n<div class=\"siteorigin-widget-tinymce textwidget\">\n\t<h5 style=\"text-align: left;\" align=\"center\"><strong>Kdaj mora zdravnik prijaviti domnevni ne\u017eeleni u\u010dinek?<\/strong><\/h5>\n<hr \/>\n<p style=\"text-align: left;\" align=\"center\"><em>&#8220;Izraz \u2018domnevni ne\u017eeleni u\u010dinek\u2019 se uporablja za poro\u010danje in pomeni, da je za poro\u010danje dovolj le<strong>\u00a0sum<\/strong>, da bi bil ne\u017eeleni u\u010dinek lahko povezan s cepivom.&#8221; (<a href=\"https:\/\/www.jazmp.si\/humana-zdravila\/farmakovigilanca\/porocanje-o-nezelenih-ucinkih-zdravil\/\">JAZMP<\/a>).<\/em> <strong>Nujno je treba poro\u010dati tudi, \u010de zdravnik ni popolnoma prepri\u010dan o vzroku te\u017eav ali mu je ta celo neznan<\/strong>. Prijavljene primere nato obravnava strokovna komisija, ki oceni verjetnost povezave te\u017eav s cepljenjem.<\/p>\n<\/div>\n<\/div><\/div><\/div><\/div><\/div><\/div><div id=\"pg-gb6062-69ef6c010a987-4\"  class=\"panel-grid panel-no-style\" ><div id=\"pgc-gb6062-69ef6c010a987-4-0\"  class=\"panel-grid-cell\" ><div id=\"panel-gb6062-69ef6c010a987-4-0-0\" class=\"so-panel widget widget_sow-editor panel-first-child panel-last-child\" data-index=\"5\" ><div class=\"besedilo-strani panel-widget-style panel-widget-style-for-gb6062-69ef6c010a987-4-0-0\" ><div\n\t\t\t\n\t\t\tclass=\"so-widget-sow-editor so-widget-sow-editor-base\"\n\t\t\t\n\t\t>\n<div class=\"siteorigin-widget-tinymce textwidget\">\n\t<p><strong>Poro\u010danje o domnevnih ne\u017eelenih u\u010dinkih vseh zdravil in cepiv je za vse zdravstvene delavce obvezno.<\/strong> Zakon o zdravilih in Pravilnik o farmakovigilanci zdravil zavezuje zdravstvene delavce, da sum na ne\u017eeleni u\u010dinek prijavijo v 15-ih dneh po dogodku.<\/p>\n<p><span style=\"font-weight: 400;\">Zaradi pospe\u0161enih postopkov razvoja cepiv proti Covidu-19 in k<\/span><span style=\"font-weight: 400;\">er gre za popolno novo vrsto genskega medicinskega preparata, s katerim nimamo prakti\u010dno nobenih izku\u0161enj pri masovni uporabi, (\u0161e) nimamo relevantnih podatkov o kratkoro\u010dnih ter srednjero\u010dnih stranskih u\u010dinkih, o dolgoro\u010dnih pa dejansko ne vemo \u0161e ni\u010d.<\/span><\/p>\n<p><span style=\"font-weight: 400;\">Zato bi morali zdravstveno stanje cepljenih proti Covidu-19 <span class=\"OYPEnA text-decoration-none text-strikethrough-none\">(in otrok rojene cepljenim star\u0161em)<\/span>\u00a0<strong>\u0161e posebej<\/strong> <\/span><b>skrbno spremljati vsaj \u0161e eno leto po cepljenju <\/b>za kratkoro\u010dne in srednjero\u010dne stranske u\u010dinke<span style=\"font-weight: 400;\">, <\/span><strong>in ve\u010d let za dolgoro\u010dne<\/strong><span style=\"font-weight: 400;\">,<\/span><span style=\"font-weight: 400;\"> ter temeljito raziskati in pristojnim institucijam javiti vsakr\u0161ne zdravstvene te\u017eave, ki se pojavijo po cepljenju.<\/span><\/p>\n<p><span class=\"OYPEnA text-decoration-none text-strikethrough-none\"><strong>Pri\u010danja in uradni podatki ka\u017eejo, da temu ni tako:<\/strong> <a href=\"https:\/\/odgovoren-za-zdravje.si\/2024\/02\/02\/zakaj-zdravniki-ne-prijavljajo-domnevnih-nezelenih-ucinkov\/\"><span style=\"text-decoration: underline;\"><span style=\"color: #0000ff; text-decoration: underline;\">Zakaj zdravniki ne prijavljajo domnevnih ne\u017eelenih u\u010dinkov po cepljenju?<\/span><\/span><\/a><\/span><\/p>\n<\/div>\n<\/div><\/div><\/div><\/div><\/div><div id=\"pg-gb6062-69ef6c010a987-5\"  class=\"panel-grid panel-has-style\" ><div class=\"slikaintekst-boks3 panel-row-style panel-row-style-for-gb6062-69ef6c010a987-5\" ><div id=\"pgc-gb6062-69ef6c010a987-5-0\"  class=\"panel-grid-cell\" ><div id=\"panel-gb6062-69ef6c010a987-5-0-0\" class=\"so-panel widget widget_sow-editor panel-first-child panel-last-child\" data-index=\"6\" ><div class=\"slikaintekst-boks4 panel-widget-style panel-widget-style-for-gb6062-69ef6c010a987-5-0-0\" ><div\n\t\t\t\n\t\t\tclass=\"so-widget-sow-editor so-widget-sow-editor-base\"\n\t\t\t\n\t\t>\n<div class=\"siteorigin-widget-tinymce textwidget\">\n\t<h5 style=\"text-align: left;\" align=\"center\"><strong>Kako poteka prijava domnevnih ne\u017eelenih u\u010dinkov?<\/strong><\/h5>\n<hr \/>\n<p style=\"text-align: left;\" align=\"center\">Zdravstvene te\u017eave po cepljenju <strong>prijavite svojemu osebnemu zdravniku,<\/strong>\u00a0<span style=\"font-weight: 400;\">tudi \u010de<\/span><span style=\"font-weight: 400;\"> jih <\/span><b>obravnavajo na urgenci ali ob hospitalizaciji<\/b><span style=\"font-weight: 400;\">. Poleg nudenja zdravstvene oskrbe, <\/span><span style=\"font-weight: 400;\">so<\/span> <span style=\"font-weight: 400;\">zdravstveni delavci<\/span> <span style=\"font-weight: 400;\">dol\u017eni obravnavane <\/span><span style=\"font-weight: 400;\">te\u017eave prijaviti na Nacionalni in\u0161titut za javno zdravje (NIJZ) kot morebitno posledico cepljenja, kar lahko hitro in enostavno storijo preko elektronskega registra cepljenih oseb (eRCO).<\/span><\/p>\n<\/div>\n<\/div><\/div><\/div><\/div><\/div><\/div><div id=\"pg-gb6062-69ef6c010a987-6\"  class=\"panel-grid panel-no-style\" ><div id=\"pgc-gb6062-69ef6c010a987-6-0\"  class=\"panel-grid-cell\" ><div id=\"panel-gb6062-69ef6c010a987-6-0-0\" class=\"so-panel widget widget_sow-editor panel-first-child panel-last-child\" data-index=\"7\" ><div class=\"besedilo-strani panel-widget-style panel-widget-style-for-gb6062-69ef6c010a987-6-0-0\" ><div\n\t\t\t\n\t\t\tclass=\"so-widget-sow-editor so-widget-sow-editor-base\"\n\t\t\t\n\t\t>\n<div class=\"siteorigin-widget-tinymce textwidget\">\n\t<p><span style=\"font-weight: 400;\">Kljub temu, <\/span><span style=\"font-weight: 400;\">da gre za zakonsko obvezo zdravstvenih delavcev, <\/span><span style=\"font-weight: 400;\">veliko ljudi sporo\u010da, da njihovih zdravstvenih te\u017eav pogosto ne obravnavajo kot morebitno posledico cepljenja in <\/span><b>domnevnih ne\u017eelenih u\u010dinkov ne prijavijo pristojnim<\/b><span style=\"font-weight: 400;\">. Niti v primeru, ko sami niso prepri\u010dani o vzroku te\u017eav ali jim je ta celo neznan, in ko pacient, ki svoje telo najbolje pozna, sumi ali je prepri\u010dan, da so njegove te\u017eave povezane s cepljenjem.<\/span><\/p>\n<\/div>\n<\/div><\/div><\/div><\/div><\/div><div id=\"pg-gb6062-69ef6c010a987-7\"  class=\"panel-grid panel-has-style\" ><div class=\"slikaintekst-boks3 panel-row-style panel-row-style-for-gb6062-69ef6c010a987-7\" ><div id=\"pgc-gb6062-69ef6c010a987-7-0\"  class=\"panel-grid-cell\" ><div id=\"panel-gb6062-69ef6c010a987-7-0-0\" class=\"so-panel widget widget_sow-editor panel-first-child panel-last-child\" data-index=\"8\" ><div class=\"slikaintekst-boks4 panel-widget-style panel-widget-style-for-gb6062-69ef6c010a987-7-0-0\" ><div\n\t\t\t\n\t\t\tclass=\"so-widget-sow-editor so-widget-sow-editor-base\"\n\t\t\t\n\t\t>\n<div class=\"siteorigin-widget-tinymce textwidget\">\n\t<h5><strong>Domnevne ne\u017eelene u\u010dinke lahko prijavite tudi sami<\/strong><\/h5>\n<hr \/>\n<p>Prijavo lahko oddate preko spletnega obrazca na strani Javne agencije za zdravila in medicinske pripomo\u010dke (<a href=\"https:\/\/www.jazmp.si\/humana-zdravila\/farmakovigilanca\/porocanje-o-nezelenih-ucinkih-zdravil\/\">JAZMP<\/a>) ali na njihov email: <a href=\"mailto:H-farmakovigilanca@jazmp.si\">H-farmakovigilanca@jazmp.si<\/a> ali na telefon 082 000 500. Poro\u010date lahko zase ali za sorodnika.<\/p>\n<\/div>\n<\/div><\/div><\/div><\/div><\/div><\/div><div id=\"pg-gb6062-69ef6c010a987-8\"  class=\"panel-grid panel-no-style\" ><div id=\"pgc-gb6062-69ef6c010a987-8-0\"  class=\"panel-grid-cell\" ><div id=\"panel-gb6062-69ef6c010a987-8-0-0\" class=\"so-panel widget widget_sow-editor panel-first-child panel-last-child\" data-index=\"9\" ><div class=\"besedilo-strani panel-widget-style panel-widget-style-for-gb6062-69ef6c010a987-8-0-0\" ><div\n\t\t\t\n\t\t\tclass=\"so-widget-sow-editor so-widget-sow-editor-base\"\n\t\t\t\n\t\t>\n<div class=\"siteorigin-widget-tinymce textwidget\">\n\t<p><b>\u010ce ne veste, ali so<\/b><b> pri nudenju strokovne pomo\u010di<\/b><b> prijavili ne\u017eeleni u\u010dinek, <\/b><b>ki ste ga utrpeli, <\/b><b>preverite pri osebnem zdravniku. <\/b><span style=\"font-weight: 400;\">Tako pri obve\u0161\u010danju zdravnikov in pristojnih o va\u0161ih te\u017eavah po cepljenju, kot pri preverbi, ali so va\u0161e te\u017eave prijavili kot morebiten ne\u017eeleni u\u010dinek cepljenju, <\/span><b>priporo\u010damo pisno komunikacijo<\/b><span style=\"font-weight: 400;\"> (elektronska ali priporo\u010dena po\u0161ta), ki jo zdravniki oz. prejemniki sporo\u010dila obravnavajo bolj odgovorno, saj velja kot uradno dokazilo v morebitnih kasnej\u0161ih postopkih.<\/span><\/p>\n<p>Po besedah Evropske agencije za zdravila EMA je zbiranje vseh poro\u010dil o domnevnih ne\u017eelenih u\u010dinkih zdravil in cepiv \u201ceden od stebrov sistema EU za spremljanje varnosti\u201d, zato tako zdravstvene delavce<strong> kot tudi paciente pozivajo, naj pristojnim nacionalnim organom poro\u010dajo o primerih sumov na ne\u017eelene u\u010dinke<\/strong>, ki so se pojavili po cepljenju.<\/p>\n<p><em>&#8220;Od leta 2004 je JAZMP prejela in obravnavala preko 37.000 poro\u010dil, pri katerih so zdravstveni delavci, bolniki ali njihovi skrbniki odigrali klju\u010dno vlogo. Letos (2022) <\/em><em>se \u0161e posebej obra\u010damo na bolnike oziroma njihove skrbnike, saj so najve\u010dkrat prav oni tisti prvi, ki zaznajo te\u017eavo pri jemanju zdravila. S poro\u010danjem o domnevnih ne\u017eelenih u\u010dinkih aktivno sodelujete pri prepoznavanju novih varnostnih vpra\u0161anj. Vsako poro\u010dilo bolnika, zdravstvenega delavca ali negovalca ima klju\u010dno vlogo pri pridobivanju ve\u010d znanja o koristih in tveganjih zdravil v klini\u010dni uporabi ter kadar je to potrebno, omogo\u010da tudi ukrepanje z namenom zmanj\u0161evanja tveganj.&#8221;\u00a0<\/em> (<a href=\"https:\/\/www.jazmp.si\/humana-zdravila\/farmakovigilanca\/porocanje-o-nezelenih-ucinkih-zdravil\/\">JAZMP<\/a>)<\/p>\n<p>&nbsp;<\/p>\n<\/div>\n<\/div><\/div><\/div><\/div><\/div><div id=\"pg-gb6062-69ef6c010a987-9\"  class=\"panel-grid panel-has-style\" ><div class=\"so-rounded panel-row-style panel-row-style-for-gb6062-69ef6c010a987-9\" ><div id=\"pgc-gb6062-69ef6c010a987-9-0\"  class=\"panel-grid-cell\" ><div id=\"panel-gb6062-69ef6c010a987-9-0-0\" class=\"so-panel widget widget_sow-image panel-first-child panel-last-child\" data-index=\"10\" ><div\n\t\t\t\n\t\t\tclass=\"so-widget-sow-image so-widget-sow-image-default-8b5b6f678277-6062\"\n\t\t\t\n\t\t>\n<div class=\"sow-image-container\">\n\t\t<img \n\tsrc=\"https:\/\/odgovoren-za-zdravje.si\/wp-content\/uploads\/2024\/01\/Pricanja-spregovori-slika-3.png\" width=\"963\" height=\"597\" srcset=\"https:\/\/odgovoren-za-zdravje.si\/wp-content\/uploads\/2024\/01\/Pricanja-spregovori-slika-3.png 963w, https:\/\/odgovoren-za-zdravje.si\/wp-content\/uploads\/2024\/01\/Pricanja-spregovori-slika-3-300x186.png 300w, https:\/\/odgovoren-za-zdravje.si\/wp-content\/uploads\/2024\/01\/Pricanja-spregovori-slika-3-768x476.png 768w\" sizes=\"(max-width: 963px) 100vw, 963px\" alt=\"\" \t\tclass=\"so-widget-image\"\/>\n\t<\/div>\n\n<\/div><\/div><\/div><div id=\"pgc-gb6062-69ef6c010a987-9-1\"  class=\"panel-grid-cell\" ><div id=\"panel-gb6062-69ef6c010a987-9-1-0\" class=\"so-panel widget widget_sow-editor panel-first-child\" data-index=\"11\" ><div class=\"panel-widget-style panel-widget-style-for-gb6062-69ef6c010a987-9-1-0\" ><div\n\t\t\t\n\t\t\tclass=\"so-widget-sow-editor so-widget-sow-editor-base\"\n\t\t\t\n\t\t>\n<div class=\"siteorigin-widget-tinymce textwidget\">\n\t<h4>NE BODI TIHO, POVEJ SVOJO ZGODBO TUDI TI!<\/h4>\n<p>\u010ce se je vam ali va\u0161im bli\u017enjim zdravje po cepljenju proti C-19 poslab\u0161alo in ste prepri\u010dani ali sumite, da je prejeto cepivo (vsaj deloma) vzrok za va\u0161e te\u017eave, nam sporo\u010dite. \u010ce boste izrecno dovolili, bomo va\u0161o zgodbo (anonimno) objavili na strani s <a href=\"https:\/\/odgovoren-za-zdravje.si\/pricanja\">Pri\u010danji<\/a>.<\/p>\n<\/div>\n<\/div><\/div><\/div><div id=\"panel-gb6062-69ef6c010a987-9-1-1\" class=\"so-panel widget widget_sow-button panel-last-child\" data-index=\"12\" ><div\n\t\t\t\n\t\t\tclass=\"so-widget-sow-button so-widget-sow-button-atom-29a5879850a3-6062\"\n\t\t\t\n\t\t><div class=\"ow-button-base ow-button-align-left\"\n>\n\t\t\t<a\n\t\t\t\t\thref=\"https:\/\/odgovoren-za-zdravje.si\/vprasalnik-cepljenje\/\"\n\t\t\t\t\tclass=\"sowb-button ow-icon-placement-right ow-button-hover\" \t>\n\t\t<span>\n\t\t\t\n\t\t\tVpra\u0161alnik o te\u017eavah po cepljenju proti C-19\t\t<\/span>\n\t\t\t<\/a>\n\t<\/div>\n<\/div><\/div><\/div><\/div><\/div><div id=\"pg-gb6062-69ef6c010a987-10\"  class=\"panel-grid panel-has-style\" ><div class=\"so-rounded panel-row-style panel-row-style-for-gb6062-69ef6c010a987-10\" ><div id=\"pgc-gb6062-69ef6c010a987-10-0\"  class=\"panel-grid-cell\" ><div id=\"panel-gb6062-69ef6c010a987-10-0-0\" class=\"so-panel widget widget_sow-image panel-first-child panel-last-child\" data-index=\"13\" ><div\n\t\t\t\n\t\t\tclass=\"so-widget-sow-image so-widget-sow-image-default-c67d20f9f743-6062\"\n\t\t\t\n\t\t>\n<div class=\"sow-image-container\">\n\t\t<img \n\tsrc=\"https:\/\/odgovoren-za-zdravje.si\/wp-content\/uploads\/2024\/01\/Zahteva-za-analizo-in-soocenje-slika-5.png\" width=\"970\" height=\"599\" srcset=\"https:\/\/odgovoren-za-zdravje.si\/wp-content\/uploads\/2024\/01\/Zahteva-za-analizo-in-soocenje-slika-5.png 970w, https:\/\/odgovoren-za-zdravje.si\/wp-content\/uploads\/2024\/01\/Zahteva-za-analizo-in-soocenje-slika-5-300x185.png 300w, https:\/\/odgovoren-za-zdravje.si\/wp-content\/uploads\/2024\/01\/Zahteva-za-analizo-in-soocenje-slika-5-768x474.png 768w\" sizes=\"(max-width: 970px) 100vw, 970px\" alt=\"\" \t\tclass=\"so-widget-image\"\/>\n\t<\/div>\n\n<\/div><\/div><\/div><div id=\"pgc-gb6062-69ef6c010a987-10-1\"  class=\"panel-grid-cell\" ><div id=\"panel-gb6062-69ef6c010a987-10-1-0\" class=\"so-panel widget widget_sow-editor panel-first-child\" data-index=\"14\" ><div class=\"panel-widget-style panel-widget-style-for-gb6062-69ef6c010a987-10-1-0\" ><div\n\t\t\t\n\t\t\tclass=\"so-widget-sow-editor so-widget-sow-editor-base\"\n\t\t\t\n\t\t>\n<div class=\"siteorigin-widget-tinymce textwidget\">\n\t<h4>ZAHTEVA ZA ANALIZO ZDRAVSTVENEGA STANJA PO EPIDEMIJI<\/h4>\n<p><strong>Zakaj se je v Sloveniji poslab\u0161alo javno zdravje v 2021 in 2022?<\/strong> Zahtevamo analizo varnosti in u\u010dinkovitosti cepiv proti Covidu-19 s primerjavo zdravstvenega stanja in smrti med cepljeno in necepljeno populacijo, analizo odziva na epidemijo, soo\u010denje z drugim mnenjem stroke ter prevzem odgovornosti in sanacijo povzro\u010dene \u0161kode.<\/p>\n<div id=\"panel-w65a2b95f860f5-0-1-0\" class=\"so-panel widget widget_sow-editor panel-first-child\" data-index=\"1\">\n<div class=\"panel-widget-style panel-widget-style-for-w65a2b95f860f5-0-1-0\">\n<div class=\"so-widget-sow-editor so-widget-sow-editor-base\">\n<div class=\"siteorigin-widget-tinymce textwidget\">\n<div id=\"panel-w658da9000cb5f-0-0-1\" class=\"so-panel widget widget_sow-editor\" data-index=\"1\">\n<div class=\"panel-widget-style panel-widget-style-for-w658da9000cb5f-0-0-1\">\n<div class=\"so-widget-sow-editor so-widget-sow-editor-base\"><\/div>\n<\/div>\n<\/div>\n<\/div>\n<\/div>\n<\/div>\n<\/div>\n<div id=\"panel-w65a2b95f860f5-0-1-1\" class=\"so-panel widget widget_sow-editor panel-last-child\" data-index=\"2\">\n<div class=\"so-widget-sow-editor so-widget-sow-editor-base\"><\/div>\n<\/div>\n<\/div>\n<\/div><\/div><\/div><div id=\"panel-gb6062-69ef6c010a987-10-1-1\" class=\"so-panel widget widget_sow-button panel-last-child\" data-index=\"15\" ><div\n\t\t\t\n\t\t\tclass=\"so-widget-sow-button so-widget-sow-button-atom-c6acfef5e0e0-6062\"\n\t\t\t\n\t\t><div class=\"ow-button-base ow-button-align-left\"\n>\n\t\t\t<a\n\t\t\t\t\thref=\"https:\/\/odgovoren-za-zdravje.si\/zahteva-za-analizo\/\"\n\t\t\t\t\tclass=\"sowb-button ow-icon-placement-right ow-button-hover\" \t>\n\t\t<span>\n\t\t\t<span class=\"sow-icon-fontawesome sow-far\" data-sow-icon=\"&#xf35a;\"\n\t\tstyle=\"\" \n\t\taria-hidden=\"true\"><\/span>\n\t\t\tPODPI\u0160I ZAHTEVO\t\t<\/span>\n\t\t\t<\/a>\n\t<\/div>\n<\/div><\/div><\/div><\/div><\/div><div id=\"pg-gb6062-69ef6c010a987-11\"  class=\"panel-grid panel-has-style\" ><div class=\"hiperlink-mini panel-row-style panel-row-style-for-gb6062-69ef6c010a987-11\" ><div id=\"pgc-gb6062-69ef6c010a987-11-0\"  class=\"panel-grid-cell\" ><div id=\"panel-gb6062-69ef6c010a987-11-0-0\" class=\"so-panel widget widget_sow-editor panel-first-child panel-last-child\" data-index=\"16\" ><div\n\t\t\t\n\t\t\tclass=\"so-widget-sow-editor so-widget-sow-editor-base\"\n\t\t\t\n\t\t>\n<div class=\"siteorigin-widget-tinymce textwidget\">\n\t<p class=\"western\" style=\"text-align: left;\" align=\"left\"><span style=\"font-size: medium;\"><span style=\"font-family: Helvetica, serif;\"><span lang=\"sl-SI\"><b>\u21d2 Naslednji prispevek: <\/b><\/span><\/span><a href=\"https:\/\/odgovoren-za-zdravje.si\/odskodnine-po-cepljenju\"><u><span style=\"font-family: Helvetica, serif;\"><span lang=\"sl-SI\"><b>Od\u0161kodnine zaradi zdravstvenih te\u017eav po cepljenju proti C-19<\/b><\/span><\/span><\/u><\/a><\/span><\/p>\n<\/div>\n<\/div><\/div><\/div><\/div><\/div><div id=\"pg-gb6062-69ef6c010a987-12\"  class=\"panel-grid panel-has-style\" ><div class=\"hiperlink-mini panel-row-style panel-row-style-for-gb6062-69ef6c010a987-12\" ><div id=\"pgc-gb6062-69ef6c010a987-12-0\"  class=\"panel-grid-cell\" ><div id=\"panel-gb6062-69ef6c010a987-12-0-0\" class=\"so-panel widget widget_sow-editor panel-first-child panel-last-child\" data-index=\"17\" ><div\n\t\t\t\n\t\t\tclass=\"so-widget-sow-editor so-widget-sow-editor-base\"\n\t\t\t\n\t\t>\n<div class=\"siteorigin-widget-tinymce textwidget\">\n\t<p class=\"western\" style=\"text-align: left;\" align=\"left\"><span style=\"font-size: medium;\"><span style=\"font-family: Helvetica, serif;\"><span lang=\"sl-SI\"><b>\u21d0 Prej\u0161nji prispevek: <\/b><\/span><\/span><a href=\"https:\/\/odgovoren-za-zdravje.si\/pojasnilna-dolznost-pred-cepljenjem\/\"><u><span style=\"font-family: Helvetica, serif;\"><span lang=\"sl-SI\"><b>Pojasnilna dol\u017enost in informirano soglasje pred cepljenjem<\/b><\/span><\/span><\/u><\/a><\/span><\/p>\n<\/div>\n<\/div><\/div><\/div><\/div><\/div><\/div>","protected":false},"excerpt":{"rendered":"","protected":false},"author":2,"featured_media":2241,"parent":0,"menu_order":0,"comment_status":"closed","ping_status":"closed","template":"","meta":{"footnotes":""},"class_list":["post-6062","page","type-page","status-publish","has-post-thumbnail","hentry"],"_links":{"self":[{"href":"https:\/\/odgovoren-za-zdravje.si\/index.php?rest_route=\/wp\/v2\/pages\/6062","targetHints":{"allow":["GET"]}}],"collection":[{"href":"https:\/\/odgovoren-za-zdravje.si\/index.php?rest_route=\/wp\/v2\/pages"}],"about":[{"href":"https:\/\/odgovoren-za-zdravje.si\/index.php?rest_route=\/wp\/v2\/types\/page"}],"author":[{"embeddable":true,"href":"https:\/\/odgovoren-za-zdravje.si\/index.php?rest_route=\/wp\/v2\/users\/2"}],"replies":[{"embeddable":true,"href":"https:\/\/odgovoren-za-zdravje.si\/index.php?rest_route=%2Fwp%2Fv2%2Fcomments&post=6062"}],"version-history":[{"count":61,"href":"https:\/\/odgovoren-za-zdravje.si\/index.php?rest_route=\/wp\/v2\/pages\/6062\/revisions"}],"predecessor-version":[{"id":9031,"href":"https:\/\/odgovoren-za-zdravje.si\/index.php?rest_route=\/wp\/v2\/pages\/6062\/revisions\/9031"}],"wp:featuredmedia":[{"embeddable":true,"href":"https:\/\/odgovoren-za-zdravje.si\/index.php?rest_route=\/wp\/v2\/media\/2241"}],"wp:attachment":[{"href":"https:\/\/odgovoren-za-zdravje.si\/index.php?rest_route=%2Fwp%2Fv2%2Fmedia&parent=6062"}],"curies":[{"name":"wp","href":"https:\/\/api.w.org\/{rel}","templated":true}]}}