{"id":363,"date":"2023-09-09T16:36:46","date_gmt":"2023-09-09T16:36:46","guid":{"rendered":"http:\/\/odgovoren-za-zdravje.si\/?page_id=363"},"modified":"2024-01-21T22:17:44","modified_gmt":"2024-01-21T22:17:44","slug":"vprasalnik-maske","status":"publish","type":"page","link":"https:\/\/odgovoren-za-zdravje.si\/?page_id=363","title":{"rendered":"Vpra\u0161alnik &#8211; Zdravstvene te\u017eave zaradi maske"},"content":{"rendered":"<div id=\"pl-gb363-69ef69de98b2f\"  class=\"panel-layout\" ><div id=\"pg-gb363-69ef69de98b2f-0\"  class=\"panel-grid panel-has-style\" ><div class=\"siteorigin-panels-stretch panel-row-style panel-row-style-for-gb363-69ef69de98b2f-0\" data-stretch-type=\"full\" ><div id=\"pgc-gb363-69ef69de98b2f-0-0\"  class=\"panel-grid-cell\" ><div id=\"panel-gb363-69ef69de98b2f-0-0-0\" class=\"so-panel widget widget_sow-image panel-first-child panel-last-child\" data-index=\"0\" ><div class=\"panel-widget-style panel-widget-style-for-gb363-69ef69de98b2f-0-0-0\" ><div\n\t\t\t\n\t\t\tclass=\"so-widget-sow-image so-widget-sow-image-default-7772387170e7-363\"\n\t\t\t\n\t\t>\n<div class=\"sow-image-container\">\n\t\t<img \n\tsrc=\"https:\/\/odgovoren-za-zdravje.si\/wp-content\/uploads\/2024\/01\/Maske-box-slika.png\" width=\"2000\" height=\"1300\" srcset=\"https:\/\/odgovoren-za-zdravje.si\/wp-content\/uploads\/2024\/01\/Maske-box-slika.png 2000w, https:\/\/odgovoren-za-zdravje.si\/wp-content\/uploads\/2024\/01\/Maske-box-slika-300x195.png 300w, https:\/\/odgovoren-za-zdravje.si\/wp-content\/uploads\/2024\/01\/Maske-box-slika-1024x666.png 1024w, https:\/\/odgovoren-za-zdravje.si\/wp-content\/uploads\/2024\/01\/Maske-box-slika-768x499.png 768w, https:\/\/odgovoren-za-zdravje.si\/wp-content\/uploads\/2024\/01\/Maske-box-slika-1536x998.png 1536w\" sizes=\"(max-width: 2000px) 100vw, 2000px\" alt=\"\" \t\tclass=\"so-widget-image\"\/>\n\t<\/div>\n\n<\/div><\/div><\/div><\/div><div id=\"pgc-gb363-69ef69de98b2f-0-1\"  class=\"panel-grid-cell\" ><div id=\"panel-gb363-69ef69de98b2f-0-1-0\" class=\"so-panel widget widget_sow-editor panel-first-child\" data-index=\"1\" ><div class=\"panel-widget-style panel-widget-style-for-gb363-69ef69de98b2f-0-1-0\" ><div\n\t\t\t\n\t\t\tclass=\"so-widget-sow-editor so-widget-sow-editor-base\"\n\t\t\t\n\t\t>\n<div class=\"siteorigin-widget-tinymce textwidget\">\n\t<div id=\"panel-gb363-650ade1b79b7c-0-0-0\" data-index=\"0\">\n<h4>VPRA\u0160ALNIK O ZDRAVSTVENIH TE\u017dAVAH ZARADI MASKE<\/h4>\n<\/div>\n<\/div>\n<\/div><\/div><\/div><div id=\"panel-gb363-69ef69de98b2f-0-1-1\" class=\"so-panel widget widget_sow-editor panel-last-child\" data-index=\"2\" ><div class=\"panel-widget-style panel-widget-style-for-gb363-69ef69de98b2f-0-1-1\" ><div\n\t\t\t\n\t\t\tclass=\"so-widget-sow-editor so-widget-sow-editor-base\"\n\t\t\t\n\t\t>\n<div class=\"siteorigin-widget-tinymce textwidget\">\n\t<p style=\"text-align: justify;\" align=\"justify\"><span style=\"font-family: Helvetica, serif;\"><span style=\"font-size: medium;\">\u010ce ste zaradi uporabe za\u0161\u010ditne maske utrpeli fizi\u010dno ali du\u0161evno zdravstveno \u0161kodo<\/span><\/span><span style=\"font-family: Helvetica, serif;\"><span style=\"font-size: medium;\">, izpolnite spodnji vpra\u0161alnik ali si natisnite <\/span><\/span><a href=\"https:\/\/odgovoren-za-zdravje.si\/wp-content\/uploads\/2023\/10\/PDF-Vprasalnik-Maske-okt-2023.pdf\"><span style=\"font-family: Helvetica, serif;\"><span style=\"font-size: medium;\">vpra\u0161alnik v PDF obliki<\/span><\/span> <\/a><span style=\"font-family: Helvetica, serif;\"><span style=\"font-size: medium;\">in nam ga po\u0161ljite po po\u0161ti. Vpra\u0161alnik lahko izpolnite tudi za svojega otroka ali sorodnika (\u010de imate njegovo soglasje ali ste zakoniti zastopnik). Seznam mo\u017enih te\u017eav zaradi maske je v tej <\/span><\/span><a href=\"https:\/\/odgovoren-za-zdravje.si\/wp-content\/uploads\/2023\/10\/Seznam-zdravstvenih-tezav-zaradi-maske-okt-2023.docx\"><span style=\"font-family: Helvetica, serif;\"><span style=\"font-size: medium;\">prilogi<\/span><\/span><\/a><span style=\"font-family: Helvetica, serif;\"><span style=\"font-size: medium;\">. Zaupane osebne in zdravstvene podatke<strong>\u00a0<a href=\"https:\/\/odgovoren-za-zdravje.si\/varstvo-podatkov\/\">varujemo kot strogo zaupne<\/a>.<\/strong>\u00a0<\/span><\/span><\/p>\n<p style=\"text-align: justify;\"><span style=\"font-family: Helvetica, serif;\"><span style=\"font-size: medium;\"><strong>Med vna\u0161anjem podatkov ne zapirajte in ne osve\u017eujte strani, naprej in nazaj se premikajte z za-to dolo\u010denimi gumbi.<\/strong> Za nasvet ali tehni\u010dno pomo\u010d nas kontaktirajte na info@odgovoren-za-zdravje.si.<\/span><\/span><\/p>\n<\/div>\n<\/div><\/div><\/div><\/div><\/div><\/div><\/div>\n\n        <div class=\"wp-sjs-plugin\" id=\"surveyContainer-3\">\r\n            <div id=\"surveyElement-3\">Survey is loading&#8230;<\/div>\r\n            <div id=\"surveyResult-3\"><\/div>\r\n        <\/div>\r\n        <script>\r\n            jQuery.ajax({\r\n                url:  \"https:\/\/odgovoren-za-zdravje.si\/wp-admin\/admin-ajax.php?action=SurveyJS_GetSurveyJson\",\r\n                type: \"POST\",\r\n                data: { Id: 3 },\r\n                success: function (data) {\r\n                    var json = {}\r\n                    let theme;\r\n                    if (data.json) {\r\n                        json = JSON.parse(data.json.replace(\/\\\\\\\"\/g, \"\\\"\").replace(\/\\\\\\\\\/g, \"\\\\\").replace(\/\\\\'\/g, \"'\"));\r\n                    }\r\n                    if (data.theme) {\r\n                        theme = JSON.parse(data.theme.replace(\/\\\\\\\"\/g, \"\\\"\").replace(\/\\\\\\\\\/g, \"\\\\\").replace(\/\\\\'\/g, \"'\"));\r\n                    } else {\r\n                        theme = null\r\n                    }\r\n                    jQuery(document).ready(()=>{\r\n                        initSurvey3(json, theme);\r\n                    });\r\n                }\r\n            });\r\n\r\n            function initSurvey3(json, theme) {\r\n                const survey3 = new Survey.Model(json);\r\n                if (!!theme) {\r\n                    survey3.applyTheme(theme);\r\n                }\r\n                window.survey3 = survey3;               \r\n                survey3                    .onComplete\r\n                    .add(function (sender, options) {\r\n                        options.showSaveInProgress();\r\n                        jQuery.ajax({\r\n                            url:  \"https:\/\/odgovoren-za-zdravje.si\/wp-admin\/admin-ajax.php?action=SurveyJS_SaveResult\",\r\n                            type: \"POST\",\r\n                            data: { SurveyId: '3', Json : JSON.stringify(sender.data) },\r\n                            success: function (data) {options.showSaveSuccess();},\r\n                            error: function (xhr) {options.showSaveError(xhr.responseText);}\r\n                        });\r\n                        \/\/document\r\n                        \/\/    .querySelector(\"#surveyResult-3\")\r\n                        \/\/    .innerHTML = \"result: \" + JSON.stringify(sender.data);\r\n                    });\r\n\r\n                survey3.onUploadFiles.add((_, options) => {\r\n                    const formData = new FormData();\r\n                    options.files.forEach((file) => {\r\n                        formData.append(file.name, file);\r\n                    });\r\n\r\n                    fetch(\"https:\/\/odgovoren-za-zdravje.si\/wp-admin\/admin-ajax.php?action=SurveyJS_UploadFiles\", {\r\n                        method: \"POST\",\r\n                        body: formData\r\n                    })\r\n                        .then((response) => response.json())\r\n                        .then((data) => {\r\n                            options.callback(\r\n                                options.files.map((file) => {\r\n                                    return {\r\n                                        file: file,\r\n                                        content: data[file.name]\r\n                                    };\r\n                                })\r\n                            );\r\n                        })\r\n                        .catch((error) => {\r\n                            console.error(\"Error: \", error);\r\n                            options.callback([], [ 'An error occurred during file upload.' ]);\r\n                        });\r\n                });\r\n\r\n                function deleteFile(fileURL, options) {\r\n                    try {\r\n                        const apiUrl = `https:\/\/odgovoren-za-zdravje.si\/wp-admin\/admin-ajax.php?action=SurveyJS_DeleteFile&name=${fileURL}`;\r\n                        fetch(apiUrl);\r\n                    } catch (error) {\r\n                        options.callback(\"error\");\r\n                    }\r\n                }\r\n\r\n                survey3.onClearFiles.add((_, options) => {\r\n                    if (!options.value || options.value.length === 0) {\r\n                        options.callback(\"success\");\r\n                        return;\r\n                    }\r\n\r\n                    if (!options.fileName && !!options.value) {\r\n                        for (const item of options.value) {\r\n                            deleteFile(item.content, options);\r\n                        }\r\n                    } else {\r\n                        const fileToRemove = options.value.find(\r\n                            (item) => item.name === options.fileName\r\n                        );\r\n                        if (fileToRemove) {\r\n                            deleteFile(fileToRemove.content, options);\r\n                        } else {\r\n                            console.error(`File with name ${options.fileName} is not found`);\r\n                        }\r\n                    }\r\n                    options.callback(\"success\");\r\n                });\r\n\r\n                jQuery(\"#surveyElement-3\").Survey({model: survey3\/*, css: customCss*\/});\r\n            }\r\n        <\/script>        \r\n        \n\n<div id=\"pl-gb363-69ef69de99f00\"  class=\"panel-layout\" ><div id=\"pg-gb363-69ef69de99f00-0\"  class=\"panel-grid panel-has-style\" ><div class=\"besedilo-strani panel-row-style panel-row-style-for-gb363-69ef69de99f00-0\" ><div id=\"pgc-gb363-69ef69de99f00-0-0\"  class=\"panel-grid-cell\" ><div id=\"panel-gb363-69ef69de99f00-0-0-0\" class=\"so-panel widget widget_sow-editor panel-first-child panel-last-child\" data-index=\"0\" ><div\n\t\t\t\n\t\t\tclass=\"so-widget-sow-editor so-widget-sow-editor-base\"\n\t\t\t\n\t\t>\n<div class=\"siteorigin-widget-tinymce textwidget\">\n\t<p align=\"center\"><span style=\"color: #000000;\"><span style=\"font-family: Helvetica, serif;\"><span style=\"font-size: large;\"><b>Hvala za va\u0161e sodelovanje in zaupanje.<\/b><\/span><\/span><\/span><\/p>\n<p align=\"center\"><span style=\"color: #000000;\"><span style=\"font-family: Helvetica, serif;\"><span style=\"font-size: medium;\">Skupina Odgovoren za zdravje<\/span><\/span><\/span><\/p>\n<\/div>\n<\/div><\/div><\/div><\/div><\/div><\/div>\n\n\n<p><\/p>\n","protected":false},"excerpt":{"rendered":"<p>VPRA\u0160ALNIK O ZDRAVSTVENIH TE\u017dAVAH ZARADI MASKE \u010ce ste zaradi uporabe za\u0161\u010ditne maske utrpeli fizi\u010dno ali du\u0161evno zdravstveno \u0161kodo, izpolnite spodnji [&hellip;]<\/p>\n","protected":false},"author":3,"featured_media":0,"parent":0,"menu_order":0,"comment_status":"closed","ping_status":"closed","template":"","meta":{"footnotes":""},"class_list":["post-363","page","type-page","status-publish","hentry"],"_links":{"self":[{"href":"https:\/\/odgovoren-za-zdravje.si\/index.php?rest_route=\/wp\/v2\/pages\/363","targetHints":{"allow":["GET"]}}],"collection":[{"href":"https:\/\/odgovoren-za-zdravje.si\/index.php?rest_route=\/wp\/v2\/pages"}],"about":[{"href":"https:\/\/odgovoren-za-zdravje.si\/index.php?rest_route=\/wp\/v2\/types\/page"}],"author":[{"embeddable":true,"href":"https:\/\/odgovoren-za-zdravje.si\/index.php?rest_route=\/wp\/v2\/users\/3"}],"replies":[{"embeddable":true,"href":"https:\/\/odgovoren-za-zdravje.si\/index.php?rest_route=%2Fwp%2Fv2%2Fcomments&post=363"}],"version-history":[{"count":19,"href":"https:\/\/odgovoren-za-zdravje.si\/index.php?rest_route=\/wp\/v2\/pages\/363\/revisions"}],"predecessor-version":[{"id":7351,"href":"https:\/\/odgovoren-za-zdravje.si\/index.php?rest_route=\/wp\/v2\/pages\/363\/revisions\/7351"}],"wp:attachment":[{"href":"https:\/\/odgovoren-za-zdravje.si\/index.php?rest_route=%2Fwp%2Fv2%2Fmedia&parent=363"}],"curies":[{"name":"wp","href":"https:\/\/api.w.org\/{rel}","templated":true}]}}